{"id":849,"date":"2024-02-28T17:31:35","date_gmt":"2024-02-28T16:31:35","guid":{"rendered":"http:\/\/atelierdeclotideprevost.com\/?page_id=849"},"modified":"2025-01-16T16:12:42","modified_gmt":"2025-01-16T15:12:42","slug":"massages-shiatsu","status":"publish","type":"page","link":"https:\/\/atelierdeclotideprevost.com\/index.php\/massages-shiatsu\/","title":{"rendered":"massages shiatsu"},"content":{"rendered":"<p>[et_pb_section fb_built=\u00a0\u00bb1&Prime; disabled_on=\u00a0\u00bbon|on|off\u00a0\u00bb admin_label=\u00a0\u00bbsection\u00a0\u00bb _builder_version=\u00a0\u00bb4.16.1&Prime; background_color=\u00a0\u00bbRGBA(255,255,255,0)\u00a0\u00bb background_image=\u00a0\u00bbhttps:\/\/atelierdeclotideprevost.com\/wp-content\/uploads\/2024\/02\/Peinture-22Massage-shiatsu22.Site_.jpg\u00a0\u00bb background_size=\u00a0\u00bbcontain\u00a0\u00bb width=\u00a0\u00bb90%\u00a0\u00bb max_width=\u00a0\u00bb90%\u00a0\u00bb module_alignment=\u00a0\u00bbcenter\u00a0\u00bb min_height=\u00a0\u00bb75px\u00a0\u00bb height=\u00a0\u00bb250px\u00a0\u00bb height_tablet=\u00a0\u00bb\u00a0\u00bb height_phone=\u00a0\u00bb\u00a0\u00bb height_last_edited=\u00a0\u00bbon|tablet\u00a0\u00bb max_height=\u00a0\u00bb250px\u00a0\u00bb custom_margin=\u00a0\u00bb0px|||0px\u00a0\u00bb animation_style=\u00a0\u00bbzoom\u00a0\u00bb global_colors_info=\u00a0\u00bb{}\u00a0\u00bb][\/et_pb_section][et_pb_section fb_built=\u00a0\u00bb1&Prime; _builder_version=\u00a0\u00bb4.16&Prime; background_color=\u00a0\u00bbrgba(0,0,0,0)\u00a0\u00bb width=\u00a0\u00bb100%\u00a0\u00bb max_width=\u00a0\u00bb100%\u00a0\u00bb module_alignment=\u00a0\u00bbcenter\u00a0\u00bb custom_margin=\u00a0\u00bb|||0px||\u00a0\u00bb global_colors_info=\u00a0\u00bb{}\u00a0\u00bb][et_pb_row _builder_version=\u00a0\u00bb4.16&Prime; custom_padding=\u00a0\u00bb54px||4px|||\u00a0\u00bb global_colors_info=\u00a0\u00bb{}\u00a0\u00bb][et_pb_column type=\u00a0\u00bb4_4&Prime; _builder_version=\u00a0\u00bb4.16&Prime; custom_padding=\u00a0\u00bb|||\u00a0\u00bb global_colors_info=\u00a0\u00bb{}\u00a0\u00bb custom_padding__hover=\u00a0\u00bb|||\u00a0\u00bb][et_pb_text _builder_version=\u00a0\u00bb4.16.1&Prime; border_width_bottom=\u00a0\u00bb1px\u00a0\u00bb border_color_bottom=\u00a0\u00bb#e09900&Prime; global_colors_info=\u00a0\u00bb{}\u00a0\u00bb]<\/p>\n<h1><span style=\"color: #ff9900;\">Massages shiatsu &amp; Anma<\/span><\/h1>\n<p>[\/et_pb_text][et_pb_text _builder_version=\u00a0\u00bb4.16.1&Prime; _module_preset=\u00a0\u00bbdefault\u00a0\u00bb custom_margin=\u00a0\u00bb20px||||false|false\u00a0\u00bb global_colors_info=\u00a0\u00bb{}\u00a0\u00bb]<\/p>\n<p><strong>Massages Shiatsu &amp; Anma. SAPAS<\/strong> (Shiatsu adapt\u00e9 \u00e0 la pratique artistique &amp; sportive).<br \/>Je me suis form\u00e9e au centre Nodoka.<br \/>Praticienne en Shiatsu et Anma, j\u2019aime pratiquer dans le milieu des arts et le milieu du sport.<br \/>La symbolique des couleurs, l\u2019influence des saisons, du temps, de la nature, des \u00e9l\u00e9ments&#8230; sont en interaction interdisciplinaires r\u00e9g\u00e9n\u00e9ratives.<\/p>\n<p>Le Shiatsu ou l&rsquo;Anma permet d\u2019entretenir votre sant\u00e9, de vous aider \u00e0 r\u00e9soudre des d\u00e9sordres structurels, fonctionnels ou psychiques. Il favorise d\u00e9tente, \u00e9quilibre et harmonie.<br \/>Une s\u00e9ance aide par des pressions et des \u00e9tirements \u00e0 lib\u00e9rer les blocages et r\u00e9gularise la circulation dans les canaux que sont les m\u00e9ridiens.<\/p>\n<p>Un Shiatsu (position allong\u00e9e) est un kata d\u20191 heure, 1\/2 heure.<\/p>\n<p>Un Anma (sur chaise ergonomique) est un kata d&rsquo;1\/4 heure<\/p>\n<p>En individuel et au cours d\u2019activit\u00e9s sportives et artistiques.<\/p>\n<p>(A domicile, au Salon Bien-\u00eatre Nokoda de Marines, \u00e0 la Comp\u00e9tition de France d\u2019apn\u00e9e de Sarcelles 2024, aux Ateliers d\u00e9cors de l\u2019Op\u00e9ra de Paris&#8230;)<\/p>\n<p>Tarifs : 1h 50 \u20ac &#8211; 1\/2h 30 \u20ac &#8211; 1\/4h 20 \u20ac<\/p>\n<p>[\/et_pb_text][\/et_pb_column][\/et_pb_row][et_pb_row _builder_version=\u00a0\u00bb4.16.1&Prime; global_colors_info=\u00a0\u00bb{}\u00a0\u00bb][et_pb_column type=\u00a0\u00bb4_4&Prime; _builder_version=\u00a0\u00bb4.16&Prime; custom_padding=\u00a0\u00bb|||\u00a0\u00bb global_colors_info=\u00a0\u00bb{}\u00a0\u00bb custom_padding__hover=\u00a0\u00bb|||\u00a0\u00bb][et_pb_gallery gallery_ids=\u00a0\u00bb921,891,935,892,934,855,852,854,890&Prime; zoom_icon_color=\u00a0\u00bb#FFFFFF\u00a0\u00bb hover_overlay_color=\u00a0\u00bbrgba(0,0,0,0.73)\u00a0\u00bb hover_icon=\u00a0\u00bb&#x39;||divi||400&Prime; disabled_on=\u00a0\u00bbon|on|off\u00a0\u00bb _builder_version=\u00a0\u00bb4.16.1&Prime; _module_preset=\u00a0\u00bbdefault\u00a0\u00bb module_alignment=\u00a0\u00bbcenter\u00a0\u00bb custom_padding=\u00a0\u00bb5px||5px||false|false\u00a0\u00bb animation_style=\u00a0\u00bbfade\u00a0\u00bb hover_enabled=\u00a0\u00bb0&Prime; border_width_all=\u00a0\u00bb4px\u00a0\u00bb border_color_all=\u00a0\u00bbRGBA(255,255,255,0)\u00a0\u00bb global_colors_info=\u00a0\u00bb{}\u00a0\u00bb sticky_enabled=\u00a0\u00bb0&Prime;][\/et_pb_gallery][et_pb_gallery gallery_ids=\u00a0\u00bb855,852&Prime; fullwidth=\u00a0\u00bbon\u00a0\u00bb disabled_on=\u00a0\u00bboff|off|on\u00a0\u00bb _builder_version=\u00a0\u00bb4.16.1&Prime; _module_preset=\u00a0\u00bbdefault\u00a0\u00bb module_alignment=\u00a0\u00bbcenter\u00a0\u00bb custom_padding=\u00a0\u00bb5px||5px||false|false\u00a0\u00bb animation_style=\u00a0\u00bbfade\u00a0\u00bb border_width_all=\u00a0\u00bb4px\u00a0\u00bb border_color_all=\u00a0\u00bbRGBA(255,255,255,0)\u00a0\u00bb global_colors_info=\u00a0\u00bb{}\u00a0\u00bb][\/et_pb_gallery][\/et_pb_column][\/et_pb_row][\/et_pb_section]<\/p>\n","protected":false},"excerpt":{"rendered":"<p>Massages shiatsu &amp; AnmaMassages Shiatsu &amp; Anma. SAPAS (Shiatsu adapt\u00e9 \u00e0 la pratique artistique &amp; sportive).Je me suis form\u00e9e au centre Nodoka.Praticienne en Shiatsu et Anma, j\u2019aime pratiquer dans le milieu des arts et le milieu du sport.La symbolique des couleurs, l\u2019influence des saisons, du temps, de la nature, des \u00e9l\u00e9ments&#8230; sont en interaction interdisciplinaires [&hellip;]<\/p>\n","protected":false},"author":1,"featured_media":0,"parent":0,"menu_order":0,"comment_status":"closed","ping_status":"closed","template":"","meta":{"_et_pb_use_builder":"on","_et_pb_old_content":"<!-- wp:gallery {\"linkTo\":\"none\"} -->\n<figure class=\"wp-block-gallery has-nested-images columns-default is-cropped\"><!-- wp:image {\"id\":26,\"sizeSlug\":\"large\",\"linkDestination\":\"none\"} -->\n<figure class=\"wp-block-image size-large\"><img src=\"http:\/\/atelierdeclotideprevost.com\/wp-content\/uploads\/2022\/02\/2.Abeille-fontaine-face-72-1.jpg\" alt=\"\" class=\"wp-image-26\"\/><\/figure>\n<!-- \/wp:image -->\n\n<!-- wp:image {\"id\":27,\"sizeSlug\":\"large\",\"linkDestination\":\"none\"} -->\n<figure class=\"wp-block-image size-large\"><img src=\"http:\/\/atelierdeclotideprevost.com\/wp-content\/uploads\/2022\/02\/3.Grde-Abeille-MuseeVicq.72dpi-1.jpg\" alt=\"\" class=\"wp-image-27\"\/><\/figure>\n<!-- \/wp:image -->\n\n<!-- wp:image {\"id\":25,\"sizeSlug\":\"large\",\"linkDestination\":\"none\"} -->\n<figure class=\"wp-block-image size-large\"><img src=\"http:\/\/atelierdeclotideprevost.com\/wp-content\/uploads\/2022\/02\/4.Abeille-au-sol-musee.72dpi-1.jpg\" alt=\"\" class=\"wp-image-25\"\/><\/figure>\n<!-- \/wp:image -->\n\n<!-- wp:image {\"id\":24,\"sizeSlug\":\"large\",\"linkDestination\":\"none\"} -->\n<figure class=\"wp-block-image size-large\"><img src=\"http:\/\/atelierdeclotideprevost.com\/wp-content\/uploads\/2022\/02\/4.Abeille-fleurs-perles.72dpi-1.jpg\" alt=\"\" class=\"wp-image-24\"\/><\/figure>\n<!-- \/wp:image --><\/figure>\n<!-- \/wp:gallery -->","_et_gb_content_width":"","footnotes":""},"class_list":["post-849","page","type-page","status-publish","hentry"],"_links":{"self":[{"href":"https:\/\/atelierdeclotideprevost.com\/index.php\/wp-json\/wp\/v2\/pages\/849","targetHints":{"allow":["GET"]}}],"collection":[{"href":"https:\/\/atelierdeclotideprevost.com\/index.php\/wp-json\/wp\/v2\/pages"}],"about":[{"href":"https:\/\/atelierdeclotideprevost.com\/index.php\/wp-json\/wp\/v2\/types\/page"}],"author":[{"embeddable":true,"href":"https:\/\/atelierdeclotideprevost.com\/index.php\/wp-json\/wp\/v2\/users\/1"}],"replies":[{"embeddable":true,"href":"https:\/\/atelierdeclotideprevost.com\/index.php\/wp-json\/wp\/v2\/comments?post=849"}],"version-history":[{"count":19,"href":"https:\/\/atelierdeclotideprevost.com\/index.php\/wp-json\/wp\/v2\/pages\/849\/revisions"}],"predecessor-version":[{"id":964,"href":"https:\/\/atelierdeclotideprevost.com\/index.php\/wp-json\/wp\/v2\/pages\/849\/revisions\/964"}],"wp:attachment":[{"href":"https:\/\/atelierdeclotideprevost.com\/index.php\/wp-json\/wp\/v2\/media?parent=849"}],"curies":[{"name":"wp","href":"https:\/\/api.w.org\/{rel}","templated":true}]}}