{"id":767,"date":"2024-01-04T17:12:18","date_gmt":"2024-01-04T16:12:18","guid":{"rendered":"http:\/\/atelierdeclotideprevost.com\/?page_id=767"},"modified":"2026-02-05T10:36:20","modified_gmt":"2026-02-05T09:36:20","slug":"photographies","status":"publish","type":"page","link":"https:\/\/atelierdeclotideprevost.com\/index.php\/photographies\/","title":{"rendered":"Photographies"},"content":{"rendered":"<p>[et_pb_section fb_built=\u00a0\u00bb1&Prime; disabled_on=\u00a0\u00bbon|on|off\u00a0\u00bb admin_label=\u00a0\u00bbsection\u00a0\u00bb _builder_version=\u00a0\u00bb4.16&Prime; background_image=\u00a0\u00bbhttps:\/\/atelierdeclotideprevost.com\/wp-content\/uploads\/2022\/02\/Photo-id.-Clo-soudure-1.jpg\u00a0\u00bb width=\u00a0\u00bb90%\u00a0\u00bb max_width=\u00a0\u00bb90%\u00a0\u00bb module_alignment=\u00a0\u00bbcenter\u00a0\u00bb min_height=\u00a0\u00bb200px\u00a0\u00bb height=\u00a0\u00bb250px\u00a0\u00bb height_tablet=\u00a0\u00bb\u00a0\u00bb height_phone=\u00a0\u00bb\u00a0\u00bb height_last_edited=\u00a0\u00bbon|tablet\u00a0\u00bb max_height=\u00a0\u00bb250px\u00a0\u00bb custom_margin=\u00a0\u00bb0px|||0px\u00a0\u00bb animation_style=\u00a0\u00bbzoom\u00a0\u00bb global_colors_info=\u00a0\u00bb{}\u00a0\u00bb][\/et_pb_section][et_pb_section fb_built=\u00a0\u00bb1&Prime; _builder_version=\u00a0\u00bb4.16&Prime; background_color=\u00a0\u00bbrgba(0,0,0,0)\u00a0\u00bb width=\u00a0\u00bb100%\u00a0\u00bb max_width=\u00a0\u00bb100%\u00a0\u00bb module_alignment=\u00a0\u00bbcenter\u00a0\u00bb custom_margin=\u00a0\u00bb|||0px||\u00a0\u00bb global_colors_info=\u00a0\u00bb{}\u00a0\u00bb][et_pb_row _builder_version=\u00a0\u00bb4.16&Prime; custom_padding=\u00a0\u00bb54px||4px|||\u00a0\u00bb global_colors_info=\u00a0\u00bb{}\u00a0\u00bb][et_pb_column type=\u00a0\u00bb4_4&Prime; _builder_version=\u00a0\u00bb4.16&Prime; custom_padding=\u00a0\u00bb|||\u00a0\u00bb global_colors_info=\u00a0\u00bb{}\u00a0\u00bb custom_padding__hover=\u00a0\u00bb|||\u00a0\u00bb][et_pb_text _builder_version=\u00a0\u00bb4.16.1&Prime; border_width_bottom=\u00a0\u00bb1px\u00a0\u00bb border_color_bottom=\u00a0\u00bb#e09900&Prime; global_colors_info=\u00a0\u00bb{}\u00a0\u00bb]<\/p>\n<h1><span style=\"color: #ff9900;\">photographie<\/span><\/h1>\n<p>[\/et_pb_text][et_pb_text _builder_version=\u00a0\u00bb4.16.1&Prime; _module_preset=\u00a0\u00bbdefault\u00a0\u00bb custom_margin=\u00a0\u00bb20px||||false|false\u00a0\u00bb global_colors_info=\u00a0\u00bb{}\u00a0\u00bb]<\/p>\n<div>\n<p class=\"Corps\"><span>Il y a un demi si\u00e8cle, dans le labo photo de mon p\u00e8re, espace dans le noir \u00e9clair\u00e9 d\u2019une veilleuse rouge, s\u2019op\u00e9rait l\u2019apparition d\u2019images en noir et blanc. <o:p><\/o:p><\/span><\/p>\n<\/div>\n<div>\n<p class=\"Corps\"><span>Nous \u00e9tions dans le ventre cr\u00e9ateur magique de notre imaginaire.<o:p><\/o:p><\/span><\/p>\n<\/div>\n<div>\n<p class=\"Corps\"><span>Depuis, le num\u00e9rique.<o:p><\/o:p><\/span><\/p>\n<\/div>\n<div>\n<p class=\"Corps\"><span>Mon regard intuitif et r\u00eaveur dans les miroirs, les reflets et les ombres s\u2019interroge sur le myst\u00e8re du double.<o:p><\/o:p><\/span><\/p>\n<\/div>\n<div>\n<p class=\"Corps\"><span>La photographie subaquatique en apn\u00e9e m\u2019entra\u00eene \u00e0 la d\u00e9couverte d\u2019un autre monde en apesanteur, l\u2019eau et le min\u00e9ral en interaction avec le vivant. Le silence, la lumi\u00e8re et les profondeurs sont comme un retour dans le ventre cr\u00e9ateur.<\/span><\/p>\n<\/div>\n<p>[\/et_pb_text][\/et_pb_column][\/et_pb_row][et_pb_row _builder_version=\u00a0\u00bb4.16.1&Prime; _module_preset=\u00a0\u00bbdefault\u00a0\u00bb module_alignment=\u00a0\u00bbcenter\u00a0\u00bb custom_margin=\u00a0\u00bb|||15px|false|false\u00a0\u00bb global_colors_info=\u00a0\u00bb{}\u00a0\u00bb][et_pb_column type=\u00a0\u00bb4_4&Prime; _builder_version=\u00a0\u00bb4.16.1&Prime; _module_preset=\u00a0\u00bbdefault\u00a0\u00bb global_colors_info=\u00a0\u00bb{}\u00a0\u00bb][et_pb_gallery gallery_ids=\u00a0\u00bb770,771,772,773,774,775,776,782,781,780,779,778,777,1064&Prime; fullwidth=\u00a0\u00bbon\u00a0\u00bb disabled_on=\u00a0\u00bboff|off|on\u00a0\u00bb _builder_version=\u00a0\u00bb4.16.1&Prime; _module_preset=\u00a0\u00bbdefault\u00a0\u00bb module_alignment=\u00a0\u00bbcenter\u00a0\u00bb custom_padding=\u00a0\u00bb5px||5px||false|false\u00a0\u00bb animation_style=\u00a0\u00bbfade\u00a0\u00bb hover_enabled=\u00a0\u00bb0&Prime; border_width_all=\u00a0\u00bb4px\u00a0\u00bb border_color_all=\u00a0\u00bbRGBA(255,255,255,0)\u00a0\u00bb global_colors_info=\u00a0\u00bb{}\u00a0\u00bb sticky_enabled=\u00a0\u00bb0&Prime;][\/et_pb_gallery][et_pb_gallery gallery_ids=\u00a0\u00bb997,991,770,776,771,949,772,773,774,775,947,946,948,945,943,777,944,779,780,781,782,1064&Prime; posts_number=\u00a0\u00bb20&Prime; show_title_and_caption=\u00a0\u00bboff\u00a0\u00bb show_pagination=\u00a0\u00bboff\u00a0\u00bb zoom_icon_color=\u00a0\u00bb#FFFFFF\u00a0\u00bb hover_overlay_color=\u00a0\u00bbrgba(0,0,0,0.73)\u00a0\u00bb hover_icon=\u00a0\u00bb&#x39;||divi||400&Prime; disabled_on=\u00a0\u00bbon|on|off\u00a0\u00bb _builder_version=\u00a0\u00bb4.16.1&Prime; _module_preset=\u00a0\u00bbdefault\u00a0\u00bb caption_font_size=\u00a0\u00bb12px\u00a0\u00bb module_alignment=\u00a0\u00bbcenter\u00a0\u00bb custom_padding=\u00a0\u00bb5px||5px||false|false\u00a0\u00bb animation_style=\u00a0\u00bbfade\u00a0\u00bb hover_enabled=\u00a0\u00bb0&Prime; border_width_all=\u00a0\u00bb4px\u00a0\u00bb border_color_all=\u00a0\u00bbRGBA(255,255,255,0)\u00a0\u00bb global_colors_info=\u00a0\u00bb{}\u00a0\u00bb sticky_enabled=\u00a0\u00bb0&Prime;][\/et_pb_gallery][\/et_pb_column][\/et_pb_row][\/et_pb_section]<\/p>\n","protected":false},"excerpt":{"rendered":"<p>photographie Il y a un demi si\u00e8cle, dans le labo photo de mon p\u00e8re, espace dans le noir \u00e9clair\u00e9 d\u2019une veilleuse rouge, s\u2019op\u00e9rait l\u2019apparition d\u2019images en noir et blanc. Nous \u00e9tions dans le ventre cr\u00e9ateur magique de notre imaginaire. Depuis, le num\u00e9rique. Mon regard intuitif et r\u00eaveur dans les miroirs, les reflets et les ombres [&hellip;]<\/p>\n","protected":false},"author":1,"featured_media":0,"parent":0,"menu_order":0,"comment_status":"closed","ping_status":"closed","template":"","meta":{"_et_pb_use_builder":"on","_et_pb_old_content":"<!-- wp:gallery {\"linkTo\":\"none\"} -->\n<figure class=\"wp-block-gallery has-nested-images columns-default is-cropped\"><!-- wp:image {\"id\":26,\"sizeSlug\":\"large\",\"linkDestination\":\"none\"} -->\n<figure class=\"wp-block-image size-large\"><img src=\"http:\/\/atelierdeclotideprevost.com\/wp-content\/uploads\/2022\/02\/2.Abeille-fontaine-face-72-1.jpg\" alt=\"\" class=\"wp-image-26\"\/><\/figure>\n<!-- \/wp:image -->\n\n<!-- wp:image {\"id\":27,\"sizeSlug\":\"large\",\"linkDestination\":\"none\"} -->\n<figure class=\"wp-block-image size-large\"><img src=\"http:\/\/atelierdeclotideprevost.com\/wp-content\/uploads\/2022\/02\/3.Grde-Abeille-MuseeVicq.72dpi-1.jpg\" alt=\"\" class=\"wp-image-27\"\/><\/figure>\n<!-- \/wp:image -->\n\n<!-- wp:image {\"id\":25,\"sizeSlug\":\"large\",\"linkDestination\":\"none\"} -->\n<figure class=\"wp-block-image size-large\"><img src=\"http:\/\/atelierdeclotideprevost.com\/wp-content\/uploads\/2022\/02\/4.Abeille-au-sol-musee.72dpi-1.jpg\" alt=\"\" class=\"wp-image-25\"\/><\/figure>\n<!-- \/wp:image -->\n\n<!-- wp:image {\"id\":24,\"sizeSlug\":\"large\",\"linkDestination\":\"none\"} -->\n<figure class=\"wp-block-image size-large\"><img src=\"http:\/\/atelierdeclotideprevost.com\/wp-content\/uploads\/2022\/02\/4.Abeille-fleurs-perles.72dpi-1.jpg\" alt=\"\" class=\"wp-image-24\"\/><\/figure>\n<!-- \/wp:image --><\/figure>\n<!-- \/wp:gallery -->","_et_gb_content_width":"","footnotes":""},"class_list":["post-767","page","type-page","status-publish","hentry"],"_links":{"self":[{"href":"https:\/\/atelierdeclotideprevost.com\/index.php\/wp-json\/wp\/v2\/pages\/767","targetHints":{"allow":["GET"]}}],"collection":[{"href":"https:\/\/atelierdeclotideprevost.com\/index.php\/wp-json\/wp\/v2\/pages"}],"about":[{"href":"https:\/\/atelierdeclotideprevost.com\/index.php\/wp-json\/wp\/v2\/types\/page"}],"author":[{"embeddable":true,"href":"https:\/\/atelierdeclotideprevost.com\/index.php\/wp-json\/wp\/v2\/users\/1"}],"replies":[{"embeddable":true,"href":"https:\/\/atelierdeclotideprevost.com\/index.php\/wp-json\/wp\/v2\/comments?post=767"}],"version-history":[{"count":12,"href":"https:\/\/atelierdeclotideprevost.com\/index.php\/wp-json\/wp\/v2\/pages\/767\/revisions"}],"predecessor-version":[{"id":1078,"href":"https:\/\/atelierdeclotideprevost.com\/index.php\/wp-json\/wp\/v2\/pages\/767\/revisions\/1078"}],"wp:attachment":[{"href":"https:\/\/atelierdeclotideprevost.com\/index.php\/wp-json\/wp\/v2\/media?parent=767"}],"curies":[{"name":"wp","href":"https:\/\/api.w.org\/{rel}","templated":true}]}}