{"id":29,"date":"2022-02-27T11:48:44","date_gmt":"2022-02-27T10:48:44","guid":{"rendered":"http:\/\/atelierdeclotideprevost.com\/?page_id=29"},"modified":"2026-02-03T16:48:18","modified_gmt":"2026-02-03T15:48:18","slug":"clotilde","status":"publish","type":"page","link":"https:\/\/atelierdeclotideprevost.com\/index.php\/clotilde\/","title":{"rendered":"Clotilde"},"content":{"rendered":"<p>[et_pb_section fb_built=\u00a0\u00bb1&Prime; admin_label=\u00a0\u00bbsection\u00a0\u00bb _builder_version=\u00a0\u00bb4.16&Prime; background_color=\u00a0\u00bbrgba(0,0,0,0)\u00a0\u00bb min_height=\u00a0\u00bb64px\u00a0\u00bb height=\u00a0\u00bb100px\u00a0\u00bb custom_padding=\u00a0\u00bb||0px|||\u00a0\u00bb global_colors_info=\u00a0\u00bb{}\u00a0\u00bb][\/et_pb_section][et_pb_section fb_built=\u00a0\u00bb1&Prime; _builder_version=\u00a0\u00bb4.16&Prime; background_color=\u00a0\u00bbrgba(0,0,0,0)\u00a0\u00bb custom_margin=\u00a0\u00bb10px||\u00a0\u00bb global_colors_info=\u00a0\u00bb{}\u00a0\u00bb][et_pb_row column_structure=\u00a0\u00bb1_2,1_2&Prime; _builder_version=\u00a0\u00bb4.16&Prime; custom_margin=\u00a0\u00bb-100px||30px\u00a0\u00bb custom_padding=\u00a0\u00bb18px|||||\u00a0\u00bb global_colors_info=\u00a0\u00bb{}\u00a0\u00bb][et_pb_column type=\u00a0\u00bb1_2&Prime; _builder_version=\u00a0\u00bb4.16&Prime; custom_padding=\u00a0\u00bb|||\u00a0\u00bb global_colors_info=\u00a0\u00bb{}\u00a0\u00bb custom_padding__hover=\u00a0\u00bb|||\u00a0\u00bb][et_pb_image src=\u00a0\u00bbhttps:\/\/atelierdeclotideprevost.com\/wp-content\/uploads\/2022\/03\/Clo-Combi.-Mouches-Abeilles.72.jpg\u00a0\u00bb align=\u00a0\u00bbcenter\u00a0\u00bb disabled_on=\u00a0\u00bboff|off|off\u00a0\u00bb _builder_version=\u00a0\u00bb4.16&Prime; z_index=\u00a0\u00bb0&Prime; global_colors_info=\u00a0\u00bb{}\u00a0\u00bb][\/et_pb_image][\/et_pb_column][et_pb_column type=\u00a0\u00bb1_2&Prime; _builder_version=\u00a0\u00bb4.16&Prime; custom_padding=\u00a0\u00bb|||\u00a0\u00bb global_colors_info=\u00a0\u00bb{}\u00a0\u00bb custom_padding__hover=\u00a0\u00bb|||\u00a0\u00bb][et_pb_accordion open_toggle_background_color=\u00a0\u00bb#000000&Prime; closed_toggle_background_color=\u00a0\u00bbrgba(0,0,0,0)\u00a0\u00bb _builder_version=\u00a0\u00bb4.16.1&Prime; toggle_font=\u00a0\u00bb||||||||\u00a0\u00bb closed_toggle_font=\u00a0\u00bb||||||||\u00a0\u00bb body_font=\u00a0\u00bb||||||||\u00a0\u00bb body_font_size=\u00a0\u00bb18px\u00a0\u00bb min_height=\u00a0\u00bb400px\u00a0\u00bb height=\u00a0\u00bb600px\u00a0\u00bb custom_margin=\u00a0\u00bb||28px|||\u00a0\u00bb sticky_position=\u00a0\u00bbtop\u00a0\u00bb sticky_offset_top=\u00a0\u00bb84px\u00a0\u00bb sticky_limit_bottom=\u00a0\u00bbbody\u00a0\u00bb hover_enabled=\u00a0\u00bb0&Prime; global_colors_info=\u00a0\u00bb{}\u00a0\u00bb sticky_enabled=\u00a0\u00bb0&Prime;][et_pb_accordion_item title=\u00a0\u00bbCLOTILDE PREVOST\u00a0\u00bb open_toggle_text_color=\u00a0\u00bb#e09900&Prime; open_toggle_background_color=\u00a0\u00bbrgba(0,0,0,0)\u00a0\u00bb icon_color=\u00a0\u00bb#ffffff\u00a0\u00bb _builder_version=\u00a0\u00bb4.16&Prime; body_font=\u00a0\u00bb||||||||\u00a0\u00bb background_color=\u00a0\u00bbrgba(0,0,0,0)\u00a0\u00bb height=\u00a0\u00bb200px\u00a0\u00bb overflow-y=\u00a0\u00bbscroll\u00a0\u00bb border_width_all=\u00a0\u00bb0px\u00a0\u00bb global_colors_info=\u00a0\u00bb{}\u00a0\u00bb toggle_text_color=\u00a0\u00bb#e09900&Prime; toggle_level=\u00a0\u00bbh5&Prime; toggle_font=\u00a0\u00bb||||||||\u00a0\u00bb toggle_font_size=\u00a0\u00bb24px\u00a0\u00bb closed_toggle_font=\u00a0\u00bb||||||||\u00a0\u00bb open=\u00a0\u00bboff\u00a0\u00bb]<\/p>\n<p class=\"Corps\"><span>Je c\u00f4toie et m\u2019inspire depuis l\u2019enfance de l\u2019univers de la cr\u00e9ation \u00e0 travers les \u0153uvres de nombreux cr\u00e9ateurs et artistes (de ma famille, au Facteur Cheval, Calder, Miro, Pol Bury&#8230;).<\/span><o:p><\/o:p><\/p>\n<p class=\"Corps\"><span>Mon travail de cr\u00e9ation s\u2019est tourn\u00e9 vers les \u00e9l\u00e9ments et espaces naturels, une exploration \u00e0 travers la peinture, la photographie, la sculpture, la vid\u00e9o et le son.<\/span><o:p><\/o:p><\/p>\n<p class=\"Corps\"><span>Mes peintures et photographies autour du th\u00e8me de l\u2019eau et des miroirs explorent des images en mouvement proches de l\u2019anamorphose, \u00e0 la recherche de signes et de sensations, sur des supports polymorphes, s\u00e9riels et symboliques.<\/span><o:p><\/o:p><\/p>\n<p class=\"Corps\"><span>La sculpture environnementale sur le th\u00e8me de l\u2019animal et des insectes s\u2019est impos\u00e9e dans les espaces des jardins de villes et leurs bassins d\u2019eau (\u00ab Vaches \u00bb, \u00a0\u00ab Mouches-Abeilles \u00bb&#8230;). \u00a0\u00a0<\/span><\/p>\n<p><span>\u00a0Ces sculptures tendent vers l\u2019abstraction par leur lignes simples aux rythmes r\u00e9p\u00e9titifs, support d\u2019images-miroirs et objets.<\/span><o:p><\/o:p><\/p>\n<p class=\"Corps\"><span>Je recherche aussi \u00e0 associer le son \u00e0 mes sculptures, les arts plastiques et la musique ob\u00e9issent \u00e0 un m\u00eame principe de r\u00e9p\u00e9tition rythmique.\u00a0 <\/span><o:p><\/o:p><\/p>\n<p><span><\/span><\/p>\n<p class=\"Corps\"><span>C\u2019est l\u2019occasion de performances musicales avec l\u2019intervention du kamantcha (violon oriental) et de la voix (chant, po\u00e9sie), et le piano, ou l\u2019installation d\u2019accessoires (arcs sonores).<\/span><\/p>\n<p><span><\/span><\/p>\n<p class=\"Corps\"><span>Je me suis int\u00e9ress\u00e9e \u00e0 la sc\u00e9nographie de th\u00e9\u00e2tre et d\u2019exposition. Je collabore en peinture avec des sc\u00e9nographes pour des expositions mus\u00e9ales \u00e0 th\u00e8mes, des d\u00e9cors de th\u00e9\u00e2tre, et j\u2019ouvre des ateliers participatifs.<\/span><\/p>\n<p>[\/et_pb_accordion_item][et_pb_accordion_item title=\u00a0\u00bbARTS\u00a0\u00bb open_toggle_text_color=\u00a0\u00bb#e09900&Prime; open_toggle_background_color=\u00a0\u00bbrgba(0,0,0,0)\u00a0\u00bb icon_color=\u00a0\u00bb#ffffff\u00a0\u00bb _builder_version=\u00a0\u00bb4.16.1&Prime; body_font=\u00a0\u00bb||||||||\u00a0\u00bb background_color=\u00a0\u00bbrgba(0,0,0,0)\u00a0\u00bb height=\u00a0\u00bb200px\u00a0\u00bb overflow-y=\u00a0\u00bbscroll\u00a0\u00bb hover_enabled=\u00a0\u00bb0&Prime; border_width_all=\u00a0\u00bb0px\u00a0\u00bb global_colors_info=\u00a0\u00bb{}\u00a0\u00bb toggle_text_color=\u00a0\u00bb#e09900&Prime; toggle_level=\u00a0\u00bbh5&Prime; toggle_font=\u00a0\u00bb||||||||\u00a0\u00bb toggle_font_size=\u00a0\u00bb24px\u00a0\u00bb closed_toggle_font=\u00a0\u00bb||||||||\u00a0\u00bb open=\u00a0\u00bbon\u00a0\u00bb sticky_enabled=\u00a0\u00bb0&Prime;]<\/p>\n<p class=\"Corps\"><span>2022 <strong>Parcours<\/strong> <i>Courant d\u2019art ! \u00a0<\/i>Sculptures abeilles et mouches aux bassins du parc et au mus\u00e9e de la ville de Vernon (27).<\/span><\/p>\n<p class=\"Corps\"><span>2020 <b>Cr\u00e9ation<\/b> de sculpture \u00ab Abeille Fontaine \u00bb m\u00e9tal et tuyau d\u2019arrosage. Mise en <\/span><o:p><\/o:p><span> eau, Les Roches (89).\u00a0<\/span><o:p><\/o:p><span><b>Vid\u00e9o<\/b> sur site, musique Sylvie M\u00e9digue Courtin, piano.<\/span><\/p>\n<p class=\"Corps\"><o:p><\/o:p><span>2019 <b>Exposition<\/b> de sculptures, <i>Des rivi\u00e8res souterraines<\/i> aux Jardins et Mus\u00e9e C\u00e9cile\u00a0\u00a0Sabourdy d\u2019art na\u00eff, brut et singulier, Vicq-s\/Breuilh (87) : \u00abMouches &amp; Abeilles\u00bb. <\/span><o:p><\/o:p><\/p>\n<p class=\"Corps\"><span><b>Performance musicale<\/b> Anouch Krikorian, kamantcha (violon oriental), <\/span><o:p><\/o:p><span>A Krikorian &amp; C Pr\u00e9vost voix.\u00a0 <\/span><o:p><\/o:p><\/p>\n<p class=\"Corps\"><span><b>Atelier<\/b> public \u00ab insectes \u00bb.<\/span><o:p><\/o:p><\/p>\n<p class=\"Corps\"><o:p>\u00a0<\/o:p><span>2018\u00a0 <b>Commissaire d\u2019exposition<\/b> <i>Au fil de l\u2019eau &#8211; De l\u2019Oise au soleil levant<\/i>, avec <\/span><o:p><\/o:p><span>\u00a0 artistes : Agata Podsiadly, Sabine Barth\u00e9l\u00e9my, Yi Myung Rim. Office de Tourisme <\/span><o:p><\/o:p><span> de Cergy-Pontoise et biblioth\u00e8que Apollinaire, Pontoise (95).<\/span><o:p><\/o:p><\/p>\n<p class=\"Corps\"><span><b>Parcours<\/b> <i>Art&amp;Nature<\/i>, site des Renaudi\u00e8res, Carquefou (44) : \u00abMouche bleue &#8211; <\/span><o:p><\/o:p><span> Arcs sonores\u00bb.<\/span><o:p><\/o:p><\/p>\n<p class=\"Corps\"><span><b>Exposition<\/b> <i>Petits formats<\/i>, Villa Daumier (95) : \u00abMouches &amp; Abeilles\u00bb. <\/span><o:p><\/o:p><\/p>\n<p class=\"Corps\"><span><b>Atelier<\/b> public \u00ab insectes \u00bb.<\/span><o:p><\/o:p><\/p>\n<p class=\"Corps\"><o:p>\u00a0<\/o:p><span>2017\u00a0\u00a0 <b>Exposition<\/b> de sculptures, <i>El\u00e9ments de la cr\u00e9ation<\/i> : \u00abInsectes\u00bb. <\/span><o:p><\/o:p><\/p>\n<p class=\"Corps\"><span><b>Performance<\/b> musicale et conte par Anouch Krikorian, kamantcha, <\/span><o:p><\/o:p><span>voix C Pr\u00e9vost &amp; A Krikorian.<\/span><o:p><\/o:p><\/p>\n<p class=\"Corps\"><span><b>Exposition<\/b><strong> de peintures,<\/strong> <i>En attendant Camille P&#8230; L\u2019Oise lumi\u00e8re et reflets, <o:p><\/o:p><\/i><\/span><span>Office de Tourisme de Cergy-Pontoise (95).<\/span><o:p><\/o:p><\/p>\n<p class=\"Corps\"><span><b>Exposition <\/b>de photographies, <i>F\u00e9minit\u00e9 choisie <\/i>\u00abau sein de&#8230;\u00bb, corps peint. <\/span><o:p><\/o:p><span>Maison Bernardin st Pierre, Eragny (95)<\/span><o:p><\/o:p><\/p>\n<p class=\"Corps\"><span>2016\u00a0\u00a0 <b>R\u00e9sidence<\/b> <i>Sentiers des arts &#8211; Regard hors saison<\/i>,<\/span><o:p><\/o:p><span>Port Mortagne-sur-Gironde(17) : \u00abMouche en bord de mer &#8211; Abeille\u00bb.\u00a0 <\/span><o:p><\/o:p><span>Sculptures et musique avec Anouch Krikorian, kamantcha.<\/span><o:p><\/o:p><\/p>\n<p class=\"Corps\"><span>2015\u00a0\u00a0 <b>Parcours<\/b> <i>Sculpture en l\u2019\u00cele de Nancy<\/i>, Andr\u00e9sy (78) : \u00abMouches miroir\u00bb.<\/span><o:p><\/o:p><\/p>\n<p class=\"Corps\"><span>2014<b>\u00a0\u00a0 Parcours<\/b> <i>Sculpture en l\u2019\u00cele de Nancy<\/i>, Andr\u00e9sy (78) : \u00abVeau Vache miroir\u00bb.<\/span><o:p><\/o:p><\/p>\n<p class=\"Corps\"><span>2010 <strong>Exposition photographies<\/strong><br \/><em>Reflets dans les miroirs <\/em>. 6\u00e8me Biennale Europ\u00e9enne d\u2019art Contemporain. \u00c9ragny (95)<\/span><\/p>\n<p class=\"Corps\"><span>2006\u00a0\u00a0 <b>Expositions <\/b>de<b> <\/b>sculptures \u00abVaches insolites\u00bb dans les parcs et jardins, <\/span><o:p><\/o:p><span>\u00a0 biblioth\u00e8ques, th\u00e9\u00e2tre et galeries des villes de Vaur\u00e9al (95), Pontoise (95), <\/span><o:p><\/o:p><span>Melun (77), Viroflay (77), Clichy s\/Bois (92).<\/span><o:p><\/o:p><\/p>\n<p class=\"Corps\"><o:p>\u00a0<\/o:p><span>2002\u00a0\u00a0 <b>1\u00e8re Exposition<\/b> de peinture sur le th\u00e8me de l\u2019eau et des reflets, Pontoise (95).<\/span><o:p><\/o:p><\/p>\n<p class=\"Corps\"><o:p>\u00a0<\/o:p><span>1979\u00a0\u00a0\u00a0 Ecole nationale d\u2019art de Cergy-Pontoise (95).<\/span><o:p><\/o:p><\/p>\n<p class=\"Corps\"><span>1982\u00a0\u00a0\u00a0 Ecole nationale sup\u00e9rieure des beaux-arts de Paris, atelier de sculpture Claude\u00a0Viseux.<\/span><o:p><\/o:p><\/p>\n<p>&nbsp;<\/p>\n<p>[\/et_pb_accordion_item][et_pb_accordion_item title=\u00a0\u00bbDECORS &#038; ATELIERS\u00a0\u00bb open=\u00a0\u00bboff\u00a0\u00bb open_toggle_text_color=\u00a0\u00bb#e09900&Prime; open_toggle_background_color=\u00a0\u00bbrgba(0,0,0,0)\u00a0\u00bb icon_color=\u00a0\u00bb#ffffff\u00a0\u00bb _builder_version=\u00a0\u00bb4.16&Prime; body_font=\u00a0\u00bb||||||||\u00a0\u00bb background_color=\u00a0\u00bbrgba(0,0,0,0)\u00a0\u00bb height=\u00a0\u00bb200px\u00a0\u00bb overflow-y=\u00a0\u00bbscroll\u00a0\u00bb border_width_all=\u00a0\u00bb0px\u00a0\u00bb global_colors_info=\u00a0\u00bb{}\u00a0\u00bb toggle_text_color=\u00a0\u00bb#e09900&Prime; toggle_level=\u00a0\u00bbh5&Prime; toggle_font=\u00a0\u00bb||||||||\u00a0\u00bb toggle_font_size=\u00a0\u00bb24px\u00a0\u00bb closed_toggle_font=\u00a0\u00bb||||||||\u00a0\u00bb]<\/p>\n<p class=\"Corps\"><span>2021\u00a0 <b>Cr\u00e9ation<\/b> d\u00e9corative \u00ab nu\u00e9e de points \u00bb. Nouvelle exposition permanente du\u00a0mus\u00e9e Albert Kahn, Boulogne-Billancourt (92). Avec Sc\u00e9norama et Guerillagrafik.<\/span><o:p><\/o:p><\/p>\n<p class=\"Corps\"><span>2020\u00a0 <b>Cr\u00e9ation<\/b> diorama peint \u00ab paysage de rivi\u00e8re \u00bb. Nouvelle exposition permanente\u00a0\u00a0<i>Les pieds dans l\u2019eau. Vivre avec le Rh\u00f4ne et la Sa\u00f4ne<\/i>, mus\u00e9e d\u2019histoire\u00a0Gadagne, Lyon (69).<\/span><o:p><\/o:p><\/p>\n<p class=\"Corps\"><span>2019 \u00a0<b>Cr\u00e9ation <\/b>participative, fresque \u00ab jardin potager \u00bb et am\u00e9nagements paysag\u00e9s. \u00a0Ecole El\u00e9mentaire Parc aux Charrettes, Pontoise.<\/span><o:p><\/o:p><\/p>\n<p class=\"Corps\"><span>2018\u00a0 <b>Cr\u00e9ation participative <\/b><i>Street Art et Impressionnisme, <\/i>toiles peintes-affiches,\u00a0\u00a0<\/span><o:p><\/o:p><span>\u00a0\u00a0 parcours dans la ville, Pontoise (95)<\/span><o:p><\/o:p><\/p>\n<p class=\"Corps\"><span>2011\u00a0\u00a0 <b>R\u00e9sidence<\/b> d\u2019artiste, <b>cr\u00e9ation<\/b> participative, <b>Commissaire<\/b> <b>d\u2019exposition<\/b> et\u00a0<b>parcours<\/b> dans la ville : <i>Famille d\u2019artistes, <\/i>\u00ab Ch\u00e2teau de cartes \u00bb. Galerie Ecu de <\/span><o:p><\/o:p><span> France, Viroflay (78)<\/span><o:p><\/o:p><\/p>\n<p class=\"Corps\"><o:p>\u00a0<\/o:p><span>2006\u00a0\u00a0 <b>Cr\u00e9ation participative<\/b> <i>Ecoparade<\/i>, Jardin de la ville, Vaur\u00e9al (95).<\/span><o:p><\/o:p><\/p>\n<p class=\"Corps\"><o:p>\u00a0<\/o:p><span>1999\u00a0 <b>Cr\u00e9ation<\/b> de tableaux peinture\/collages pour <i>Le vent dans les saules<\/i>, th\u00e9\u00e2tre <\/span><o:p><\/o:p><span> national de Chaillot, Paris. Avec Daniel Soulier et Camilla Barnes.<\/span><o:p><\/o:p><\/p>\n<p class=\"Corps\"><span>1998\u00a0\u00a0 <b>Cr\u00e9ation<\/b> de toile peinte \u00ab ville \u00bb sur structure h\u00e9lico\u00efdale. <i>Gulliver<\/i>, th\u00e9\u00e2tre <\/span><o:p><\/o:p><span>\u00a0 national de Chaillot. Avec Daniel Soulier et Camilla Barnes.<\/span><o:p><\/o:p><\/p>\n<p class=\"Corps\"><span>1992\u00a0\u00a0 <b>Cr\u00e9ation<\/b> de toiles peintes. <i>Solveig chez les Trolls<\/i>, Compagnie du th\u00e9\u00e2tre de <\/span><o:p><\/o:p><span>\u00a0\u00a0 l\u2019Echo et H\u00e9l\u00e9na Dubiel. <b>Edition<\/b> A.R.I.E jeunesse livre illustr\u00e9.<\/span><o:p><\/o:p><\/p>\n<p class=\"Corps\"><span>1988\u00a0 <b>Cr\u00e9ation<\/b> de toiles peintes. Exposition <i>Les nouvelles images<\/i>, ville de Montreuil\u00a0(93) \u00e0 Montr\u00e9al (Qu\u00e9bec). Avec Clovis Pr\u00e9vost.<\/span><o:p><\/o:p><\/p>\n<p class=\"Corps\"><o:p>\u00a0<\/o:p><span>1987\u00a0 <b>Cr\u00e9ation<\/b> de maquettes et d\u00e9cors. Exposition <i>Les singuliers de l\u2019art<\/i>. Avec Clovis Pr\u00e9vost.<\/span><\/p>\n<p>[\/et_pb_accordion_item][\/et_pb_accordion][\/et_pb_column][\/et_pb_row][\/et_pb_section]<\/p>\n","protected":false},"excerpt":{"rendered":"<p>Je c\u00f4toie et m\u2019inspire depuis l\u2019enfance de l\u2019univers de la cr\u00e9ation \u00e0 travers les \u0153uvres de nombreux cr\u00e9ateurs et artistes (de ma famille, au Facteur Cheval, Calder, Miro, Pol Bury&#8230;). Mon travail de cr\u00e9ation s\u2019est tourn\u00e9 vers les \u00e9l\u00e9ments et espaces naturels, une exploration \u00e0 travers la peinture, la photographie, la sculpture, la vid\u00e9o et [&hellip;]<\/p>\n","protected":false},"author":1,"featured_media":0,"parent":0,"menu_order":0,"comment_status":"closed","ping_status":"closed","template":"","meta":{"_et_pb_use_builder":"on","_et_pb_old_content":"<!-- wp:paragraph -->\n<p>Biographie<\/p>\n<!-- \/wp:paragraph -->","_et_gb_content_width":"","footnotes":""},"class_list":["post-29","page","type-page","status-publish","hentry"],"_links":{"self":[{"href":"https:\/\/atelierdeclotideprevost.com\/index.php\/wp-json\/wp\/v2\/pages\/29","targetHints":{"allow":["GET"]}}],"collection":[{"href":"https:\/\/atelierdeclotideprevost.com\/index.php\/wp-json\/wp\/v2\/pages"}],"about":[{"href":"https:\/\/atelierdeclotideprevost.com\/index.php\/wp-json\/wp\/v2\/types\/page"}],"author":[{"embeddable":true,"href":"https:\/\/atelierdeclotideprevost.com\/index.php\/wp-json\/wp\/v2\/users\/1"}],"replies":[{"embeddable":true,"href":"https:\/\/atelierdeclotideprevost.com\/index.php\/wp-json\/wp\/v2\/comments?post=29"}],"version-history":[{"count":53,"href":"https:\/\/atelierdeclotideprevost.com\/index.php\/wp-json\/wp\/v2\/pages\/29\/revisions"}],"predecessor-version":[{"id":1063,"href":"https:\/\/atelierdeclotideprevost.com\/index.php\/wp-json\/wp\/v2\/pages\/29\/revisions\/1063"}],"wp:attachment":[{"href":"https:\/\/atelierdeclotideprevost.com\/index.php\/wp-json\/wp\/v2\/media?parent=29"}],"curies":[{"name":"wp","href":"https:\/\/api.w.org\/{rel}","templated":true}]}}